{"id":47,"date":"2019-03-10T19:27:50","date_gmt":"2019-03-10T06:27:50","guid":{"rendered":"http:\/\/34.73.177.188\/?page_id=47"},"modified":"2020-10-01T19:49:04","modified_gmt":"2020-10-01T06:49:04","slug":"about","status":"publish","type":"page","link":"https:\/\/test.tossi.org.nz\/?page_id=47","title":{"rendered":"TOSSI"},"content":{"rendered":"\t\t<div data-elementor-type=\"wp-page\" data-elementor-id=\"47\" class=\"elementor elementor-47\" data-elementor-settings=\"[]\">\n\t\t\t\t\t\t<div class=\"elementor-inner\">\n\t\t\t\t\t\t\t<div class=\"elementor-section-wrap\">\n\t\t\t\t\t\t\t<section class=\"elementor-section elementor-top-section elementor-element elementor-element-c92d8be elementor-section-boxed elementor-section-height-default elementor-section-height-default\" data-id=\"c92d8be\" data-element_type=\"section\" data-settings=\"{&quot;background_background&quot;:&quot;classic&quot;}\">\n\t\t\t\t\t\t\t<div class=\"elementor-background-overlay\"><\/div>\n\t\t\t\t\t\t\t<div class=\"elementor-container elementor-column-gap-default\">\n\t\t\t\t\t\t\t<div class=\"elementor-row\">\n\t\t\t\t\t<div class=\"elementor-column elementor-col-100 elementor-top-column elementor-element elementor-element-fc24fb3\" data-id=\"fc24fb3\" data-element_type=\"column\">\n\t\t\t<div class=\"elementor-column-wrap elementor-element-populated\">\n\t\t\t\t\t\t\t<div class=\"elementor-widget-wrap\">\n\t\t\t\t\t\t<div class=\"elementor-element elementor-element-44946ce elementor-nav-menu__align-right elementor-nav-menu--indicator-classic elementor-nav-menu--dropdown-tablet elementor-nav-menu__text-align-aside elementor-nav-menu--toggle elementor-nav-menu--burger elementor-widget elementor-widget-nav-menu\" data-id=\"44946ce\" data-element_type=\"widget\" data-settings=\"{&quot;layout&quot;:&quot;horizontal&quot;,&quot;toggle&quot;:&quot;burger&quot;}\" data-widget_type=\"nav-menu.default\">\n\t\t\t\t<div class=\"elementor-widget-container\">\n\t\t\t\t\t\t<nav role=\"navigation\" class=\"elementor-nav-menu--main elementor-nav-menu__container elementor-nav-menu--layout-horizontal e--pointer-underline e--animation-fade\"><ul id=\"menu-1-44946ce\" class=\"elementor-nav-menu\"><li class=\"menu-item menu-item-type-post_type menu-item-object-page menu-item-home menu-item-853\"><a href=\"https:\/\/test.tossi.org.nz\/\" class=\"elementor-item\">Home<\/a><\/li>\n<li class=\"menu-item menu-item-type-post_type menu-item-object-page menu-item-665\"><a href=\"https:\/\/test.tossi.org.nz\/?page_id=47\" class=\"elementor-item\">About us<\/a><\/li>\n<li class=\"menu-item menu-item-type-post_type menu-item-object-page menu-item-76\"><a href=\"https:\/\/test.tossi.org.nz\/?page_id=73\" class=\"elementor-item\">What we do<\/a><\/li>\n<li class=\"menu-item menu-item-type-post_type menu-item-object-page menu-item-has-children menu-item-106\"><a href=\"https:\/\/test.tossi.org.nz\/?page_id=97\" class=\"elementor-item\">The Park<\/a>\n<ul class=\"sub-menu elementor-nav-menu--dropdown\">\n\t<li class=\"menu-item menu-item-type-post_type menu-item-object-page menu-item-943\"><a href=\"https:\/\/test.tossi.org.nz\/?page_id=154\" class=\"elementor-sub-item\">Getting here<\/a><\/li>\n<\/ul>\n<\/li>\n<li class=\"menu-item menu-item-type-post_type menu-item-object-page menu-item-has-children menu-item-107\"><a href=\"https:\/\/test.tossi.org.nz\/?page_id=99\" class=\"elementor-item\">Support us<\/a>\n<ul class=\"sub-menu elementor-nav-menu--dropdown\">\n\t<li class=\"menu-item menu-item-type-post_type menu-item-object-page menu-item-633\"><a href=\"https:\/\/test.tossi.org.nz\/?page_id=626\" class=\"elementor-sub-item\">Join TOSSI<\/a><\/li>\n\t<li class=\"menu-item menu-item-type-post_type menu-item-object-page menu-item-1125\"><a href=\"https:\/\/test.tossi.org.nz\/?page_id=1119\" class=\"elementor-sub-item\">Donation<\/a><\/li>\n<\/ul>\n<\/li>\n<li class=\"menu-item menu-item-type-post_type_archive menu-item-object-tribe_events menu-item-467\"><a href=\"https:\/\/test.tossi.org.nz?post_type=tribe_events\" class=\"elementor-item\">Events<\/a><\/li>\n<li class=\"menu-item menu-item-type-post_type menu-item-object-page menu-item-1106\"><a href=\"https:\/\/test.tossi.org.nz\/?page_id=1054\" class=\"elementor-item\">Resources<\/a><\/li>\n<li class=\"menu-item menu-item-type-post_type menu-item-object-page menu-item-109\"><a href=\"https:\/\/test.tossi.org.nz\/?page_id=101\" class=\"elementor-item\">Gallery<\/a><\/li>\n<\/ul><\/nav>\n\t\t\t\t\t<div class=\"elementor-menu-toggle\" role=\"button\" tabindex=\"0\" aria-label=\"Menu Toggle\" aria-expanded=\"false\">\n\t\t\t<i class=\"eicon-menu-bar\" aria-hidden=\"true\"><\/i>\n\t\t\t<span class=\"elementor-screen-only\">Menu<\/span>\n\t\t<\/div>\n\t\t\t<nav class=\"elementor-nav-menu--dropdown elementor-nav-menu__container\" role=\"navigation\" aria-hidden=\"true\"><ul id=\"menu-2-44946ce\" class=\"elementor-nav-menu\"><li class=\"menu-item menu-item-type-post_type menu-item-object-page menu-item-home menu-item-853\"><a href=\"https:\/\/test.tossi.org.nz\/\" class=\"elementor-item\">Home<\/a><\/li>\n<li class=\"menu-item menu-item-type-post_type menu-item-object-page menu-item-665\"><a href=\"https:\/\/test.tossi.org.nz\/?page_id=47\" class=\"elementor-item\">About us<\/a><\/li>\n<li class=\"menu-item menu-item-type-post_type menu-item-object-page menu-item-76\"><a href=\"https:\/\/test.tossi.org.nz\/?page_id=73\" class=\"elementor-item\">What we do<\/a><\/li>\n<li class=\"menu-item menu-item-type-post_type menu-item-object-page menu-item-has-children menu-item-106\"><a href=\"https:\/\/test.tossi.org.nz\/?page_id=97\" class=\"elementor-item\">The Park<\/a>\n<ul class=\"sub-menu elementor-nav-menu--dropdown\">\n\t<li class=\"menu-item menu-item-type-post_type menu-item-object-page menu-item-943\"><a href=\"https:\/\/test.tossi.org.nz\/?page_id=154\" class=\"elementor-sub-item\">Getting here<\/a><\/li>\n<\/ul>\n<\/li>\n<li class=\"menu-item menu-item-type-post_type menu-item-object-page menu-item-has-children menu-item-107\"><a href=\"https:\/\/test.tossi.org.nz\/?page_id=99\" class=\"elementor-item\">Support us<\/a>\n<ul class=\"sub-menu elementor-nav-menu--dropdown\">\n\t<li class=\"menu-item menu-item-type-post_type menu-item-object-page menu-item-633\"><a href=\"https:\/\/test.tossi.org.nz\/?page_id=626\" class=\"elementor-sub-item\">Join TOSSI<\/a><\/li>\n\t<li class=\"menu-item menu-item-type-post_type menu-item-object-page menu-item-1125\"><a href=\"https:\/\/test.tossi.org.nz\/?page_id=1119\" class=\"elementor-sub-item\">Donation<\/a><\/li>\n<\/ul>\n<\/li>\n<li class=\"menu-item menu-item-type-post_type_archive menu-item-object-tribe_events menu-item-467\"><a href=\"https:\/\/test.tossi.org.nz?post_type=tribe_events\" class=\"elementor-item\">Events<\/a><\/li>\n<li class=\"menu-item menu-item-type-post_type menu-item-object-page menu-item-1106\"><a href=\"https:\/\/test.tossi.org.nz\/?page_id=1054\" class=\"elementor-item\">Resources<\/a><\/li>\n<li class=\"menu-item menu-item-type-post_type menu-item-object-page menu-item-109\"><a href=\"https:\/\/test.tossi.org.nz\/?page_id=101\" class=\"elementor-item\">Gallery<\/a><\/li>\n<\/ul><\/nav>\n\t\t\t\t<\/div>\n\t\t\t\t<\/div>\n\t\t\t\t\t\t<\/div>\n\t\t\t\t\t<\/div>\n\t\t<\/div>\n\t\t\t\t\t\t\t\t<\/div>\n\t\t\t\t\t<\/div>\n\t\t<\/section>\n\t\t\t\t<section class=\"elementor-section elementor-top-section elementor-element elementor-element-d91b247 elementor-section-boxed elementor-section-height-default elementor-section-height-default\" data-id=\"d91b247\" data-element_type=\"section\" data-settings=\"{&quot;background_background&quot;:&quot;classic&quot;}\">\n\t\t\t\t\t\t<div class=\"elementor-container elementor-column-gap-default\">\n\t\t\t\t\t\t\t<div class=\"elementor-row\">\n\t\t\t\t\t<div class=\"elementor-column elementor-col-100 elementor-top-column elementor-element elementor-element-64a777c\" data-id=\"64a777c\" data-element_type=\"column\">\n\t\t\t<div class=\"elementor-column-wrap elementor-element-populated\">\n\t\t\t\t\t\t\t<div class=\"elementor-widget-wrap\">\n\t\t\t\t\t\t<div class=\"elementor-element elementor-element-aefd1e2 elementor-cta--skin-cover elementor-animated-content elementor-bg-transform elementor-bg-transform-zoom-in elementor-widget elementor-widget-call-to-action\" data-id=\"aefd1e2\" data-element_type=\"widget\" data-widget_type=\"call-to-action.default\">\n\t\t\t\t<div class=\"elementor-widget-container\">\n\t\t\t\t\t<a href=\"http:\/\/test.tossi.org.nz\/?page_id=626\" class=\"elementor-cta\">\n\t\t\t\t\t<div class=\"elementor-cta__bg-wrapper\">\n\t\t\t\t<div class=\"elementor-cta__bg elementor-bg\" style=\"background-image: url(https:\/\/test.tossi.org.nz\/wp-content\/uploads\/2020\/09\/rp13-Twin-Hills-2009.jpg);\"><\/div>\n\t\t\t\t<div class=\"elementor-cta__bg-overlay\"><\/div>\n\t\t\t<\/div>\n\t\t\t\t\t\t\t<div class=\"elementor-cta__content\">\n\t\t\t\t\n\t\t\t\t\t\t\t\t\t<h2 class=\"elementor-cta__title elementor-cta__content-item elementor-content-item elementor-animated-item--grow\">\n\t\t\t\t\t\tIf you like what see, join us.\t\t\t\t\t<\/h2>\n\t\t\t\t\n\t\t\t\t\t\t\t\t\t<div class=\"elementor-cta__description elementor-cta__content-item elementor-content-item elementor-animated-item--grow\">\n\t\t\t\t\t\tJoin TOSSI and help us.\t\t\t\t\t<\/div>\n\t\t\t\t\n\t\t\t\t\t\t\t<\/div>\n\t\t\t\t\t\t<\/a>\n\t\t\t\t<\/div>\n\t\t\t\t<\/div>\n\t\t\t\t\t\t<\/div>\n\t\t\t\t\t<\/div>\n\t\t<\/div>\n\t\t\t\t\t\t\t\t<\/div>\n\t\t\t\t\t<\/div>\n\t\t<\/section>\n\t\t\t\t<section class=\"elementor-section elementor-top-section elementor-element elementor-element-d874c87 elementor-section-boxed elementor-section-height-default elementor-section-height-default\" data-id=\"d874c87\" data-element_type=\"section\">\n\t\t\t\t\t\t<div class=\"elementor-container elementor-column-gap-default\">\n\t\t\t\t\t\t\t<div class=\"elementor-row\">\n\t\t\t\t\t<div class=\"elementor-column elementor-col-100 elementor-top-column elementor-element elementor-element-c30c5db\" data-id=\"c30c5db\" data-element_type=\"column\">\n\t\t\t<div class=\"elementor-column-wrap elementor-element-populated\">\n\t\t\t\t\t\t\t<div class=\"elementor-widget-wrap\">\n\t\t\t\t\t\t<div class=\"elementor-element elementor-element-198e4c7 elementor-tabs-view-horizontal elementor-widget elementor-widget-tabs\" data-id=\"198e4c7\" data-element_type=\"widget\" data-widget_type=\"tabs.default\">\n\t\t\t\t<div class=\"elementor-widget-container\">\n\t\t\t\t\t<div class=\"elementor-tabs\" role=\"tablist\">\n\t\t\t<div class=\"elementor-tabs-wrapper\">\n\t\t\t\t\t\t\t\t\t<div id=\"elementor-tab-title-2671\" class=\"elementor-tab-title elementor-tab-desktop-title\" data-tab=\"1\" role=\"tab\" aria-controls=\"elementor-tab-content-2671\"><a href=\"\">The vision<\/a><\/div>\n\t\t\t\t\t\t\t\t\t<div id=\"elementor-tab-title-2672\" class=\"elementor-tab-title elementor-tab-desktop-title\" data-tab=\"2\" role=\"tab\" aria-controls=\"elementor-tab-content-2672\"><a href=\"\">Our History<\/a><\/div>\n\t\t\t\t\t\t\t\t\t<div id=\"elementor-tab-title-2673\" class=\"elementor-tab-title elementor-tab-desktop-title\" data-tab=\"3\" role=\"tab\" aria-controls=\"elementor-tab-content-2673\"><a href=\"\">The Committee<\/a><\/div>\n\t\t\t\t\t\t\t\t\t<div id=\"elementor-tab-title-2674\" class=\"elementor-tab-title elementor-tab-desktop-title\" data-tab=\"4\" role=\"tab\" aria-controls=\"elementor-tab-content-2674\"><a href=\"\">Contact Us<\/a><\/div>\n\t\t\t\t\t\t\t<\/div>\n\t\t\t<div class=\"elementor-tabs-content-wrapper\">\n\t\t\t\t\t\t\t\t\t<div class=\"elementor-tab-title elementor-tab-mobile-title\" data-tab=\"1\" role=\"tab\">The vision<\/div>\n\t\t\t\t\t<div id=\"elementor-tab-content-2671\" class=\"elementor-tab-content elementor-clearfix\" data-tab=\"1\" role=\"tabpanel\" aria-labelledby=\"elementor-tab-title-2671\"><h2 style=\"color: #7a7a7a; margin: 0px 0px 15px; font-size: inherit; background-color: #ffffff;\">\u201cTo create an open sanctuary where visitors can freely experience a representative range of natural communities that would have originally been present on the Tawharanui peninsula\u201d<\/h2><div><\/div><p>Imagine a coastal landscape where wetlands and forests are regenerating, treasured species like kiwi, p\u0101teke, bellbird, whitehead and robin thrive, sheep and cattle graze and everyone is welcome.<\/p><p>T\u0101wharanui Open Sanctuary is a unique blend of conservation, recreation and sustainable farming within T\u0101wharanui Regional Park. The open sanctuary includes mature and regenerating native bush, wonderful beaches, spectacular coastal cliffs, wetlands, heritage sites, a marine reserve and extensive areas of rich pasture.<\/p><p>The T\u0101wharanui Open Sanctuary Society (TOSSI) was formed in 2002 to help make the open sanctuary project a reality. TOSSI works in partnership with the Auckland Council and is involved in volunteer programs, fundraising, education and advocacy. We are a community-based organisation with charitable status.<\/p><p>In 2004 we helped fund a 2.5 km predator-proof fence built across T\u0101wharanui peninsula to create a refuge for native animals free from pests such as rats, stoats and possums. With TOSSI\u2019s help, fourteen species have returned to breed or been re-introduced to the sanctuary including takah\u0113, kiwi, p\u0101teke, k\u0101k\u0101riki, bellbirds, robins, k\u0101k\u0101, whiteheads, t\u012beke (saddleback) and seabirds.<\/p><p>TOSSI projects include forest and wetland restoration, re-introduction of threatened species, monitoring animals and plants, pest control, our nursery, and the development of walking tracks.<\/p><\/div>\n\t\t\t\t\t\t\t\t\t<div class=\"elementor-tab-title elementor-tab-mobile-title\" data-tab=\"2\" role=\"tab\">Our History<\/div>\n\t\t\t\t\t<div id=\"elementor-tab-content-2672\" class=\"elementor-tab-content elementor-clearfix\" data-tab=\"2\" role=\"tabpanel\" aria-labelledby=\"elementor-tab-title-2672\"><p>From 1995 the Auckland Regional Council (ARC) explored the idea of developing an intensively managed conservation area \u2013 a \u2018mainland island\u2019 \u2013 within a regional park. The concept received support from within the ARC and from the community and this lead to the initiation of the T\u0101wharanui Open Sanctuary (TOS) in 2000.&nbsp; The ARC has since been absorbed into Auckland Council, and the project continues.<\/p>\n<p>T\u0101wharanui was selected because of its size, its location at the end of a peninsula, range of habitats and its proximity to significant conservation areas such as Hauturu (Little Barrier Island).<\/p>\n<p>Community support for the project was formalised through the inaugural meeting in 2002 of the T\u0101wharanui Open Sanctuary chaired by ARC Councillor Bill Burrill. Soon after, TOSSI was formed with a constitution and a Memorandum Agreement signed with the ARC.<\/p>\n<p>The major task facing the new TOSSI committee was to raise funds to help build the pest-proof fence. One means of achieving this was through the staging of the first Art in the Woolshed Exhibition in 2003. Further funds were raised by a \u201cGet in Behind\u201d campaign to encourage donations from the public.<\/p>\n<p>In 2004, \u201cThe Big Plant\u201d (a major revegetation program) was commenced by the Council and TOSSI; the second Art in the Woolshed Exhibition was held; the pest-proof fence was completed; and the ARC used helicopters to drop bait across the peninsula to target introduced predators.<\/p>\n<p>The following year bellbirds recolonised T\u0101wharanui from Te Hauturu-o-Toi (Little Barrier Island).<\/p>\n<p>These first years set the pattern for TOSSI\u2019s future: extensive revegetation programs, the reintroduction of fauna, regular Art in the Woolshed Exhibitions, fundraising for programs on the Park and pest control.<\/p><\/div>\n\t\t\t\t\t\t\t\t\t<div class=\"elementor-tab-title elementor-tab-mobile-title\" data-tab=\"3\" role=\"tab\">The Committee<\/div>\n\t\t\t\t\t<div id=\"elementor-tab-content-2673\" class=\"elementor-tab-content elementor-clearfix\" data-tab=\"3\" role=\"tabpanel\" aria-labelledby=\"elementor-tab-title-2673\"><p>TOSSI is an Incorporated Society governed by an honorary committee of its Members. The officers and committee of TOSSI are elected annually at the Annual General Meeting with one half of the previous year\u2019s committee standing down.<\/p><p>The current committee are:<\/p><ul><li>Alison Stanes \u2013 Chair<\/li><li>Roger Grove \u2013 Deputy Chair<\/li><li>Karyn Hoksbergen \u2013 Secretary<\/li><li>Kim Grove \u2013 Treasurer<\/li><li>Sally Richardson<\/li><li>Marguerite Vanderkolk<\/li><li>Justine Sanderson<\/li><li>Jackie Russell<\/li><li>Susan Gibbings<\/li><\/ul><\/div>\n\t\t\t\t\t\t\t\t\t<div class=\"elementor-tab-title elementor-tab-mobile-title\" data-tab=\"4\" role=\"tab\">Contact Us<\/div>\n\t\t\t\t\t<div id=\"elementor-tab-content-2674\" class=\"elementor-tab-content elementor-clearfix\" data-tab=\"4\" role=\"tabpanel\" aria-labelledby=\"elementor-tab-title-2674\"><div data-id=\"b7d6aa0\" data-element_type=\"widget\" data-widget_type=\"heading.default\" style=\"width: 550px; color: #3c4858; font-family: Roboto, Helvetica, Arial, sans-serif;\">\n<div>\n<h2 style=\"font-family: var( --e-global-typography-primary-font-family ); font-weight: var( --e-global-typography-primary-font-weight );\">Contact<\/h2>\n<\/div>\n<\/div>\n<div data-id=\"062d8f3\" data-element_type=\"widget\" data-widget_type=\"heading.default\" style=\"width: 550px; color: #3c4858; font-family: Roboto, Helvetica, Arial, sans-serif;\">\n<div>\n<h6 style=\"font-family: var( --e-global-typography-primary-font-family ); font-weight: var( --e-global-typography-primary-font-weight );\">T\u0101wharanui Regional Park<\/h6>\n<\/div>\n<\/div>\n<div data-id=\"f604eef\" data-element_type=\"widget\" data-widget_type=\"text-editor.default\" style=\"font-family: var( --e-global-typography-text-font-family ); font-weight: var( --e-global-typography-text-font-weight ); width: 550px;\">\n<div>\n<div>\n<p><strong>If you need the assistance of a Ranger or there is a serious issue within the Park please call the Auckland Council Contact Centre on 09 301 0101.<\/strong><\/p>\n<\/div>\n<\/div>\n<\/div>\n<div data-id=\"3c82343\" data-element_type=\"widget\" data-widget_type=\"heading.default\" style=\"width: 550px; color: #3c4858; font-family: Roboto, Helvetica, Arial, sans-serif;\">\n<div>\n<h6 style=\"font-family: var( --e-global-typography-primary-font-family ); font-weight: var( --e-global-typography-primary-font-weight );\">T\u0101wharanui Open Sanctuary Society Inc.<\/h6>\n<\/div>\n<\/div>\n<div data-id=\"f1ea4b9\" data-element_type=\"widget\" data-widget_type=\"text-editor.default\" style=\"font-family: var( --e-global-typography-text-font-family ); font-weight: var( --e-global-typography-text-font-weight ); width: 550px;\">\n<div>\n<div>\n<p>For enquiries regarding membership, volunteering etc. please contact us as below.<\/p>\n<\/div>\n<\/div>\n<\/div>\n<div data-id=\"c0c0f45\" data-element_type=\"widget\" data-widget_type=\"text-editor.default\" style=\"font-family: var( --e-global-typography-text-font-family ); font-weight: var( --e-global-typography-text-font-weight ); width: 550px;\">\n<div>\n<div>\n<p>T\u0101wharanui Open Sanctuary Society Inc<br>PO Box 112<br>Matakana 0948<\/p>\n<p>Email :&nbsp;<a href=\"mailto:secretary@tossi.org.nz\" style=\"transition-property: all;\">secretary@tossi.org.nz<\/a><\/p>\n<p>Or send your details through the contact form.<\/p>\n<p><\/p>\n<\/div>\n<\/div>\n<\/div><\/div>\n\t\t\t\t\t\t\t<\/div>\n\t\t<\/div>\n\t\t\t\t<\/div>\n\t\t\t\t<\/div>\n\t\t\t\t<div class=\"elementor-element elementor-element-7bdd0e5 elementor-shape-rounded elementor-grid-0 elementor-widget elementor-widget-social-icons\" data-id=\"7bdd0e5\" data-element_type=\"widget\" data-widget_type=\"social-icons.default\">\n\t\t\t\t<div class=\"elementor-widget-container\">\n\t\t\t\t\t<div class=\"elementor-social-icons-wrapper elementor-grid\">\n\t\t\t\t\t\t\t<div class=\"elementor-grid-item\">\n\t\t\t\t\t<a class=\"elementor-icon elementor-social-icon elementor-social-icon-facebook elementor-repeater-item-8510d98\" href=\"https:\/\/www.facebook.com\/TOSSI.NZ\" target=\"_blank\">\n\t\t\t\t\t\t<span class=\"elementor-screen-only\">Facebook<\/span>\n\t\t\t\t\t\t<i class=\"fab fa-facebook\"><\/i>\t\t\t\t\t<\/a>\n\t\t\t\t<\/div>\n\t\t\t\t\t\t\t<div class=\"elementor-grid-item\">\n\t\t\t\t\t<a class=\"elementor-icon elementor-social-icon elementor-social-icon-instagram elementor-repeater-item-787af8a\" href=\"https:\/\/www.instagram.com\/tossi_nz\/\" target=\"_blank\">\n\t\t\t\t\t\t<span class=\"elementor-screen-only\">Instagram<\/span>\n\t\t\t\t\t\t<i class=\"fab fa-instagram\"><\/i>\t\t\t\t\t<\/a>\n\t\t\t\t<\/div>\n\t\t\t\t\t<\/div>\n\t\t\t\t<\/div>\n\t\t\t\t<\/div>\n\t\t\t\t\t\t<\/div>\n\t\t\t\t\t<\/div>\n\t\t<\/div>\n\t\t\t\t\t\t\t\t<\/div>\n\t\t\t\t\t<\/div>\n\t\t<\/section>\n\t\t\t\t\t\t<\/div>\n\t\t\t\t\t\t<\/div>\n\t\t\t\t\t<\/div>\n\t\t<div class=\"sharedaddy sd-sharing-enabled\"><div class=\"robots-nocontent sd-block sd-social sd-social-icon sd-sharing\"><h3 class=\"sd-title\">Share this:<\/h3><div class=\"sd-content\"><ul><li><a href=\"#\" class=\"sharing-anchor sd-button share-more\"><span>Share<\/span><\/a><\/li><li class=\"share-end\"><\/li><\/ul><div class=\"sharing-hidden\"><div class=\"inner\" style=\"display: none;\"><ul><li class=\"share-facebook\"><a rel=\"nofollow noopener noreferrer\" data-shared=\"sharing-facebook-47\" class=\"share-facebook sd-button share-icon no-text\" href=\"https:\/\/test.tossi.org.nz\/?page_id=47&amp;share=facebook\" target=\"_blank\" title=\"Click to share on Facebook\"><span><\/span><span class=\"sharing-screen-reader-text\">Click to share on Facebook (Opens in new window)<\/span><\/a><\/li><li class=\"share-print\"><a rel=\"nofollow noopener noreferrer\" data-shared=\"\" class=\"share-print sd-button share-icon no-text\" href=\"https:\/\/test.tossi.org.nz\/?page_id=47\" target=\"_blank\" title=\"Click to print\"><span><\/span><span class=\"sharing-screen-reader-text\">Click to print (Opens in new window)<\/span><\/a><\/li><li class=\"share-end\"><\/li><li class=\"share-end\"><\/li><\/ul><\/div><\/div><\/div><\/div><\/div>","protected":false},"excerpt":{"rendered":"<p>If you like what see, join us. Join TOSSI and help us. The vision Our History The Committee Contact Us The vision \u201cTo create an open sanctuary where visitors can freely experience a representative range of natural communities that would have originally been present on the Tawharanui peninsula\u201d Imagine a [&hellip;]<\/p>\n<div class=\"sharedaddy sd-sharing-enabled\"><div class=\"robots-nocontent sd-block sd-social sd-social-icon sd-sharing\"><h3 class=\"sd-title\">Share this:<\/h3><div class=\"sd-content\"><ul><li><a href=\"#\" class=\"sharing-anchor sd-button share-more\"><span>Share<\/span><\/a><\/li><li class=\"share-end\"><\/li><\/ul><div class=\"sharing-hidden\"><div class=\"inner\" style=\"display: none;\"><ul><li class=\"share-facebook\"><a rel=\"nofollow noopener noreferrer\" data-shared=\"sharing-facebook-47\" class=\"share-facebook sd-button share-icon no-text\" href=\"https:\/\/test.tossi.org.nz\/?page_id=47&amp;share=facebook\" target=\"_blank\" title=\"Click to share on Facebook\"><span><\/span><span class=\"sharing-screen-reader-text\">Click to share on Facebook (Opens in new window)<\/span><\/a><\/li><li class=\"share-print\"><a rel=\"nofollow noopener noreferrer\" data-shared=\"\" class=\"share-print sd-button share-icon no-text\" href=\"https:\/\/test.tossi.org.nz\/?page_id=47\" target=\"_blank\" title=\"Click to print\"><span><\/span><span class=\"sharing-screen-reader-text\">Click to print (Opens in new window)<\/span><\/a><\/li><li class=\"share-end\"><\/li><li class=\"share-end\"><\/li><\/ul><\/div><\/div><\/div><\/div><\/div>","protected":false},"author":1,"featured_media":0,"parent":0,"menu_order":0,"comment_status":"closed","ping_status":"closed","template":"elementor_canvas","meta":{"_EventAllDay":false,"_EventTimezone":"","_EventStartDate":"","_EventEndDate":"","_EventStartDateUTC":"","_EventEndDateUTC":"","_EventShowMap":false,"_EventShowMapLink":false,"_EventURL":"","_EventCost":"","_EventCostDescription":"","_EventCurrencySymbol":"","_EventCurrencyPosition":"","_EventDateTimeSeparator":"","_EventTimeRangeSeparator":"","_EventOrganizerID":[],"_EventVenueID":0,"_OrganizerEmail":"","_OrganizerPhone":"","_OrganizerWebsite":"","_VenueAddress":"","_VenueCity":"","_VenueCountry":"","_VenueProvince":"","_VenueZip":"","_VenuePhone":"","_VenueURL":"","_VenueStateProvince":"","_VenueLat":"","_VenueLng":"","spay_email":""},"jetpack_sharing_enabled":true,"jetpack_shortlink":"https:\/\/wp.me\/PbUGGk-L","_links":{"self":[{"href":"https:\/\/test.tossi.org.nz\/index.php?rest_route=\/wp\/v2\/pages\/47"}],"collection":[{"href":"https:\/\/test.tossi.org.nz\/index.php?rest_route=\/wp\/v2\/pages"}],"about":[{"href":"https:\/\/test.tossi.org.nz\/index.php?rest_route=\/wp\/v2\/types\/page"}],"author":[{"embeddable":true,"href":"https:\/\/test.tossi.org.nz\/index.php?rest_route=\/wp\/v2\/users\/1"}],"replies":[{"embeddable":true,"href":"https:\/\/test.tossi.org.nz\/index.php?rest_route=%2Fwp%2Fv2%2Fcomments&post=47"}],"version-history":[{"count":21,"href":"https:\/\/test.tossi.org.nz\/index.php?rest_route=\/wp\/v2\/pages\/47\/revisions"}],"predecessor-version":[{"id":1118,"href":"https:\/\/test.tossi.org.nz\/index.php?rest_route=\/wp\/v2\/pages\/47\/revisions\/1118"}],"wp:attachment":[{"href":"https:\/\/test.tossi.org.nz\/index.php?rest_route=%2Fwp%2Fv2%2Fmedia&parent=47"}],"curies":[{"name":"wp","href":"https:\/\/api.w.org\/{rel}","templated":true}]}}