{"id":73,"date":"2019-03-10T19:47:57","date_gmt":"2019-03-10T19:47:57","guid":{"rendered":"http:\/\/34.73.177.188\/?page_id=73"},"modified":"2020-09-29T16:07:31","modified_gmt":"2020-09-29T03:07:31","slug":"what-we-do","status":"publish","type":"page","link":"https:\/\/test.tossi.org.nz\/?page_id=73","title":{"rendered":"What we do"},"content":{"rendered":"\t\t<div data-elementor-type=\"wp-page\" data-elementor-id=\"73\" class=\"elementor elementor-73\" data-elementor-settings=\"[]\">\n\t\t\t\t\t\t<div class=\"elementor-inner\">\n\t\t\t\t\t\t\t<div class=\"elementor-section-wrap\">\n\t\t\t\t\t\t\t<section class=\"elementor-section elementor-top-section elementor-element elementor-element-9be2a9a elementor-section-boxed elementor-section-height-default elementor-section-height-default\" data-id=\"9be2a9a\" data-element_type=\"section\" data-settings=\"{&quot;background_background&quot;:&quot;classic&quot;}\">\n\t\t\t\t\t\t\t<div class=\"elementor-background-overlay\"><\/div>\n\t\t\t\t\t\t\t<div class=\"elementor-container elementor-column-gap-default\">\n\t\t\t\t\t\t\t<div class=\"elementor-row\">\n\t\t\t\t\t<div class=\"elementor-column elementor-col-100 elementor-top-column elementor-element elementor-element-c8a7a44\" data-id=\"c8a7a44\" data-element_type=\"column\">\n\t\t\t<div class=\"elementor-column-wrap elementor-element-populated\">\n\t\t\t\t\t\t\t<div class=\"elementor-widget-wrap\">\n\t\t\t\t\t\t<div class=\"elementor-element elementor-element-5ff8f81 elementor-nav-menu__align-right elementor-nav-menu--indicator-classic elementor-nav-menu--dropdown-tablet elementor-nav-menu__text-align-aside elementor-nav-menu--toggle elementor-nav-menu--burger elementor-widget elementor-widget-nav-menu\" data-id=\"5ff8f81\" data-element_type=\"widget\" data-settings=\"{&quot;layout&quot;:&quot;horizontal&quot;,&quot;toggle&quot;:&quot;burger&quot;}\" data-widget_type=\"nav-menu.default\">\n\t\t\t\t<div class=\"elementor-widget-container\">\n\t\t\t\t\t\t<nav role=\"navigation\" class=\"elementor-nav-menu--main elementor-nav-menu__container elementor-nav-menu--layout-horizontal e--pointer-underline e--animation-fade\"><ul id=\"menu-1-5ff8f81\" class=\"elementor-nav-menu\"><li class=\"menu-item menu-item-type-post_type menu-item-object-page menu-item-home menu-item-853\"><a href=\"https:\/\/test.tossi.org.nz\/\" class=\"elementor-item\">Home<\/a><\/li>\n<li class=\"menu-item menu-item-type-post_type menu-item-object-page menu-item-665\"><a href=\"https:\/\/test.tossi.org.nz\/?page_id=47\" class=\"elementor-item\">About us<\/a><\/li>\n<li class=\"menu-item menu-item-type-post_type menu-item-object-page menu-item-76\"><a href=\"https:\/\/test.tossi.org.nz\/?page_id=73\" class=\"elementor-item\">What we do<\/a><\/li>\n<li class=\"menu-item menu-item-type-post_type menu-item-object-page menu-item-has-children menu-item-106\"><a href=\"https:\/\/test.tossi.org.nz\/?page_id=97\" class=\"elementor-item\">The Park<\/a>\n<ul class=\"sub-menu elementor-nav-menu--dropdown\">\n\t<li class=\"menu-item menu-item-type-post_type menu-item-object-page menu-item-943\"><a href=\"https:\/\/test.tossi.org.nz\/?page_id=154\" class=\"elementor-sub-item\">Getting here<\/a><\/li>\n<\/ul>\n<\/li>\n<li class=\"menu-item menu-item-type-post_type menu-item-object-page menu-item-has-children menu-item-107\"><a href=\"https:\/\/test.tossi.org.nz\/?page_id=99\" class=\"elementor-item\">Support us<\/a>\n<ul class=\"sub-menu elementor-nav-menu--dropdown\">\n\t<li class=\"menu-item menu-item-type-post_type menu-item-object-page menu-item-633\"><a href=\"https:\/\/test.tossi.org.nz\/?page_id=626\" class=\"elementor-sub-item\">Join TOSSI<\/a><\/li>\n\t<li class=\"menu-item menu-item-type-post_type menu-item-object-page menu-item-1125\"><a href=\"https:\/\/test.tossi.org.nz\/?page_id=1119\" class=\"elementor-sub-item\">Donation<\/a><\/li>\n<\/ul>\n<\/li>\n<li class=\"menu-item menu-item-type-post_type_archive menu-item-object-tribe_events menu-item-467\"><a href=\"https:\/\/test.tossi.org.nz?post_type=tribe_events\" class=\"elementor-item\">Events<\/a><\/li>\n<li class=\"menu-item menu-item-type-post_type menu-item-object-page menu-item-1106\"><a href=\"https:\/\/test.tossi.org.nz\/?page_id=1054\" class=\"elementor-item\">Resources<\/a><\/li>\n<li class=\"menu-item menu-item-type-post_type menu-item-object-page menu-item-109\"><a href=\"https:\/\/test.tossi.org.nz\/?page_id=101\" class=\"elementor-item\">Gallery<\/a><\/li>\n<\/ul><\/nav>\n\t\t\t\t\t<div class=\"elementor-menu-toggle\" role=\"button\" tabindex=\"0\" aria-label=\"Menu Toggle\" aria-expanded=\"false\">\n\t\t\t<i class=\"eicon-menu-bar\" aria-hidden=\"true\"><\/i>\n\t\t\t<span class=\"elementor-screen-only\">Menu<\/span>\n\t\t<\/div>\n\t\t\t<nav class=\"elementor-nav-menu--dropdown elementor-nav-menu__container\" role=\"navigation\" aria-hidden=\"true\"><ul id=\"menu-2-5ff8f81\" class=\"elementor-nav-menu\"><li class=\"menu-item menu-item-type-post_type menu-item-object-page menu-item-home menu-item-853\"><a href=\"https:\/\/test.tossi.org.nz\/\" class=\"elementor-item\">Home<\/a><\/li>\n<li class=\"menu-item menu-item-type-post_type menu-item-object-page menu-item-665\"><a href=\"https:\/\/test.tossi.org.nz\/?page_id=47\" class=\"elementor-item\">About us<\/a><\/li>\n<li class=\"menu-item menu-item-type-post_type menu-item-object-page menu-item-76\"><a href=\"https:\/\/test.tossi.org.nz\/?page_id=73\" class=\"elementor-item\">What we do<\/a><\/li>\n<li class=\"menu-item menu-item-type-post_type menu-item-object-page menu-item-has-children menu-item-106\"><a href=\"https:\/\/test.tossi.org.nz\/?page_id=97\" class=\"elementor-item\">The Park<\/a>\n<ul class=\"sub-menu elementor-nav-menu--dropdown\">\n\t<li class=\"menu-item menu-item-type-post_type menu-item-object-page menu-item-943\"><a href=\"https:\/\/test.tossi.org.nz\/?page_id=154\" class=\"elementor-sub-item\">Getting here<\/a><\/li>\n<\/ul>\n<\/li>\n<li class=\"menu-item menu-item-type-post_type menu-item-object-page menu-item-has-children menu-item-107\"><a href=\"https:\/\/test.tossi.org.nz\/?page_id=99\" class=\"elementor-item\">Support us<\/a>\n<ul class=\"sub-menu elementor-nav-menu--dropdown\">\n\t<li class=\"menu-item menu-item-type-post_type menu-item-object-page menu-item-633\"><a href=\"https:\/\/test.tossi.org.nz\/?page_id=626\" class=\"elementor-sub-item\">Join TOSSI<\/a><\/li>\n\t<li class=\"menu-item menu-item-type-post_type menu-item-object-page menu-item-1125\"><a href=\"https:\/\/test.tossi.org.nz\/?page_id=1119\" class=\"elementor-sub-item\">Donation<\/a><\/li>\n<\/ul>\n<\/li>\n<li class=\"menu-item menu-item-type-post_type_archive menu-item-object-tribe_events menu-item-467\"><a href=\"https:\/\/test.tossi.org.nz?post_type=tribe_events\" class=\"elementor-item\">Events<\/a><\/li>\n<li class=\"menu-item menu-item-type-post_type menu-item-object-page menu-item-1106\"><a href=\"https:\/\/test.tossi.org.nz\/?page_id=1054\" class=\"elementor-item\">Resources<\/a><\/li>\n<li class=\"menu-item menu-item-type-post_type menu-item-object-page menu-item-109\"><a href=\"https:\/\/test.tossi.org.nz\/?page_id=101\" class=\"elementor-item\">Gallery<\/a><\/li>\n<\/ul><\/nav>\n\t\t\t\t<\/div>\n\t\t\t\t<\/div>\n\t\t\t\t\t\t<\/div>\n\t\t\t\t\t<\/div>\n\t\t<\/div>\n\t\t\t\t\t\t\t\t<\/div>\n\t\t\t\t\t<\/div>\n\t\t<\/section>\n\t\t\t\t<section class=\"elementor-section elementor-top-section elementor-element elementor-element-40324e38 elementor-section-boxed elementor-section-height-default elementor-section-height-default\" data-id=\"40324e38\" data-element_type=\"section\">\n\t\t\t\t\t\t<div class=\"elementor-container elementor-column-gap-default\">\n\t\t\t\t\t\t\t<div class=\"elementor-row\">\n\t\t\t\t\t<div class=\"elementor-column elementor-col-100 elementor-top-column elementor-element elementor-element-600ded03\" data-id=\"600ded03\" data-element_type=\"column\">\n\t\t\t<div class=\"elementor-column-wrap elementor-element-populated\">\n\t\t\t\t\t\t\t<div class=\"elementor-widget-wrap\">\n\t\t\t\t\t\t<div class=\"elementor-element elementor-element-674997df elementor-widget elementor-widget-text-editor\" data-id=\"674997df\" data-element_type=\"widget\" data-widget_type=\"text-editor.default\">\n\t\t\t\t<div class=\"elementor-widget-container\">\n\t\t\t\t\t<div class=\"elementor-text-editor elementor-clearfix\"><!-- wp:heading -->\n<h2>TOSSI works in partnership with the Auckland Council to maximise the success of the T\u0101wharanui Open Sanctuary.<\/h2>\n<!-- \/wp:heading -->\n\n<!-- wp:paragraph -->\n<p>Our major projects are:<\/p>\n<!-- \/wp:paragraph -->\n\n<!-- wp:paragraph -->\n<p>Revegetation and restoration of coastal forest and wetlands. TOSSI grows and plants up to 20,000 trees, shrubs and other plants each year to revegetate key areas of the Park.<\/p>\n<!-- \/wp:paragraph -->\n\n<!-- wp:paragraph -->\n<p>Preserving the largely pest-free status of T\u0101wharanui through assisting Auckland Council with pest trapping and baiting, surveillance, maintaining the pest-proof fence, monitoring programs and observing sensitive wildlife.<\/p>\n<!-- \/wp:paragraph -->\n\n<!-- wp:paragraph -->\n<p>Assisting with the reintroduction of native species to the sanctuary and monitoring their survival and breeding.<\/p>\n<!-- \/wp:paragraph -->\n\n<!-- wp:paragraph -->\n<p>Monitoring NZ dotterel and variable oystercatcher during the breeding season.<\/p>\n<!-- \/wp:paragraph -->\n\n<!-- wp:paragraph -->\n<p>Education and advocacy in schools, the local community and the media.<\/p>\n<!-- \/wp:paragraph --><\/div>\n\t\t\t\t<\/div>\n\t\t\t\t<\/div>\n\t\t\t\t\t\t<\/div>\n\t\t\t\t\t<\/div>\n\t\t<\/div>\n\t\t\t\t\t\t\t\t<\/div>\n\t\t\t\t\t<\/div>\n\t\t<\/section>\n\t\t\t\t<section class=\"elementor-section elementor-top-section elementor-element elementor-element-735234d elementor-section-boxed elementor-section-height-default elementor-section-height-default\" data-id=\"735234d\" data-element_type=\"section\">\n\t\t\t\t\t\t<div class=\"elementor-container elementor-column-gap-default\">\n\t\t\t\t\t\t\t<div class=\"elementor-row\">\n\t\t\t\t\t<div class=\"elementor-column elementor-col-100 elementor-top-column elementor-element elementor-element-d664d84\" data-id=\"d664d84\" data-element_type=\"column\">\n\t\t\t<div class=\"elementor-column-wrap elementor-element-populated\">\n\t\t\t\t\t\t\t<div class=\"elementor-widget-wrap\">\n\t\t\t\t\t\t<div class=\"elementor-element elementor-element-1b6e5d7 elementor-tabs-view-horizontal elementor-widget elementor-widget-tabs\" data-id=\"1b6e5d7\" data-element_type=\"widget\" data-widget_type=\"tabs.default\">\n\t\t\t\t<div class=\"elementor-widget-container\">\n\t\t\t\t\t<div class=\"elementor-tabs\" role=\"tablist\">\n\t\t\t<div class=\"elementor-tabs-wrapper\">\n\t\t\t\t\t\t\t\t\t<div id=\"elementor-tab-title-2871\" class=\"elementor-tab-title elementor-tab-desktop-title\" data-tab=\"1\" role=\"tab\" aria-controls=\"elementor-tab-content-2871\"><a href=\"\">Revegetation<\/a><\/div>\n\t\t\t\t\t\t\t\t\t<div id=\"elementor-tab-title-2872\" class=\"elementor-tab-title elementor-tab-desktop-title\" data-tab=\"2\" role=\"tab\" aria-controls=\"elementor-tab-content-2872\"><a href=\"\">Pest Eradication<\/a><\/div>\n\t\t\t\t\t\t\t\t\t<div id=\"elementor-tab-title-2873\" class=\"elementor-tab-title elementor-tab-desktop-title\" data-tab=\"3\" role=\"tab\" aria-controls=\"elementor-tab-content-2873\"><a href=\"\">Species Reintroduction<\/a><\/div>\n\t\t\t\t\t\t\t\t\t<div id=\"elementor-tab-title-2874\" class=\"elementor-tab-title elementor-tab-desktop-title\" data-tab=\"4\" role=\"tab\" aria-controls=\"elementor-tab-content-2874\"><a href=\"\">Species Monitoring<\/a><\/div>\n\t\t\t\t\t\t\t<\/div>\n\t\t\t<div class=\"elementor-tabs-content-wrapper\">\n\t\t\t\t\t\t\t\t\t<div class=\"elementor-tab-title elementor-tab-mobile-title\" data-tab=\"1\" role=\"tab\">Revegetation<\/div>\n\t\t\t\t\t<div id=\"elementor-tab-content-2871\" class=\"elementor-tab-content elementor-clearfix\" data-tab=\"1\" role=\"tabpanel\" aria-labelledby=\"elementor-tab-title-2871\"><h5>Revegetation of natural plant communities is critical to the future of the open sanctuary. Our aim is to take land that has been cleared and farmed for decades and make it habitat for native animals.<\/h5>\n<p>We plan to have a total of around 350 hectares of forests and wetlands through protecting and enhancing remnant forest, replanting, natural regeneration and re-instating natural water flows. This is a long-term project that will take the next 25-50 years.<\/p>\n<p>Our goal is to create a representative range of natural communities that would have been originally present including coastal forest, dunelands, cliff, rocky and sandy shore communities and saline and freshwater wetlands. Most of this area has already been retired from grazing and fenced off.<\/p>\n<p>Restoration will create links with existing forest areas and provide a diverse range of habitats. It is also an important focus for TOSSI activities in one of the largest revegetation programs to be undertaken on the Auckland mainland.<\/p>\n<p>Natural regeneration takes a long time in retired pasture and much of the restoration involves planting new plants \u2013 lots of them. To achieve this TOSSI operates its own nursery at Tawharanui that produces 20,000 plants each year. Our nursery volunteers collect seed from local plants, germinate them and grow all the plants we require for our revegetation program.<\/p>\n<p>The planting program is planned years in advance and is conducted according to site-specific revegetation plans developed by the Auckland Council. Each site is planted with a particular range and number of native plant species.<\/p>\n<p>Every year TOSSI and the Auckland Council conduct a number of planting days during winter. Hundreds of people help out \u2013 you can too.<\/p><\/div>\n\t\t\t\t\t\t\t\t\t<div class=\"elementor-tab-title elementor-tab-mobile-title\" data-tab=\"2\" role=\"tab\">Pest Eradication<\/div>\n\t\t\t\t\t<div id=\"elementor-tab-content-2872\" class=\"elementor-tab-content elementor-clearfix\" data-tab=\"2\" role=\"tabpanel\" aria-labelledby=\"elementor-tab-title-2872\"><h5>Kiwi chicks have hatched at T\u0101wharanui, the \u014di,\u00a0bellbird and k\u0101k\u0101 have returned to breed and p\u0101teke, t\u016b\u012b, saddleback, whitehead and many other birds are thriving in this remarkable sanctuary. Why? In a nutshell, it\u2019s because of the absence of rats, stoats, cats and other introduced predators.<\/h5>\n<p>The open sanctuary became effectively pest-free following the completion of a 2.5km \u201cXcluder\u201d pest-proof fence and an extensive pest eradication program (including two helicopter bait drops) in 2004. Feral cats, possums, Norway and ship rats, weasels, stoats and ferrets were removed from the park and ongoing measures are aimed at the eradication of mice, rabbits and hedgehogs.<\/p>\n<p>Maintaining the pest-free status of the open sanctuary is the number one priority for TOSSI and the Auckland Council. While the 2.5 km pest-proof fence is impregnable there is still risk of incursion. Being an \u201copen sanctuary\u201d means that people are free to come and go and there is always the chance that they may (unknowingly) bring rats or other pests with them in camping gear or in their vehicles or boats. The fence is also open at each coast and, despite the elaborate koru-shaped fence-ends and the many traps set around these, rats and cats occasionally get around these barriers. TOSSI volunteers check the full length of the fence regularly for any damage or possible breeches.<\/p>\n<p>The Auckland Council has established a comprehensive network of trap and bait stations throughout the open sanctuary and in adjoining \u2018buffer\u2019 areas to control pest invasions. These are checked and re-baited regularly by Auckland Council\u00a0staff and TOSSI volunteers. If rats or other pests are detected then a major response plan is activated with more frequent checks, increased trapping and other pest detection methods employed.<\/p>\n<p>Some rats and possums have been found inside the fence especially in late summer when food is scarce and the pests are roaming more widely. So far we have successfully controlled these outbreaks: a major achievement in itself.<\/p><\/div>\n\t\t\t\t\t\t\t\t\t<div class=\"elementor-tab-title elementor-tab-mobile-title\" data-tab=\"3\" role=\"tab\">Species Reintroduction<\/div>\n\t\t\t\t\t<div id=\"elementor-tab-content-2873\" class=\"elementor-tab-content elementor-clearfix\" data-tab=\"3\" role=\"tabpanel\" aria-labelledby=\"elementor-tab-title-2873\"><h5>The most exciting part of any restoration project is the successful re-introduction of missing species. However, translocation of flora and fauna is high risk\/high return.<\/h5>\n<p>Natural plant and animal communities of the Auckland mainland are heavily depleted as a result of habitat clearing and plant and animal pests. Many iconic New Zealand birds such as kiwi, p\u0101teke, k\u0101k\u0101riki, rifleman, p\u014dpokotea, hihi, t\u012beke and k\u014dkako are locally extinct. Many other species are still present but in low numbers.<\/p>\n<p>A major objective of the T\u0101wharanui Open Sanctuary is to restore these key components of Auckland\u2019s ecosystems either through active translocation programs or by managing habitats to allow for species to re-colonise areas that were previously hostile.<\/p>\n<p>At T\u0101wharanui we are fortunate to have had success with both translocations and self-reintroductions.<\/p>\n<figure class=\"wp-block-table\">\n<table>\n<tbody>\n<tr>\n<td>Korimako (Bellbird)<\/td>\n<td>Returned 2005<\/td>\n<\/tr>\n<tr>\n<td>Forest Gecko<\/td>\n<td>Translocated 2005<\/td>\n<\/tr>\n<tr>\n<td>Green Gecko<\/td>\n<td>Translocated 2005<\/td>\n<\/tr>\n<tr>\n<td>North Island brown kiwi<br \/><a rel=\"noreferrer noopener\" aria-label=\"http:\/\/nzbirdsonline.org.nz\/species\/north-island-brown-kiwi  (opens in a new tab)\" href=\"http:\/\/nzbirdsonline.org.nz\/species\/north-island-brown-kiwi\" target=\"_blank\"><\/a><\/td>\n<td>Translocated 2006-2007<\/td>\n<\/tr>\n<tr>\n<td>Toutouwai (North Island robin)<\/td>\n<td>Translocated 2007<\/td>\n<\/tr>\n<tr>\n<td>P\u014dpokotea (Whitehead)<\/td>\n<td>Translocated 2007<\/td>\n<\/tr>\n<tr>\n<td>K\u0101k\u0101<\/td>\n<td>Confirmed breeding 2008<\/td>\n<\/tr>\n<tr>\n<td>P\u0101teke (Brown teal)<\/td>\n<td>Translocated 2008-2010<\/td>\n<\/tr>\n<tr>\n<td>K\u0101k\u0101riki<\/td>\n<td>Translocated 2009-2010<\/td>\n<\/tr>\n<tr>\n<td>\u014ci (Grey-faced petrel)<\/td>\n<td>Confirmed breeding 2009<\/td>\n<\/tr>\n<tr>\n<td>T\u012beke (Saddleback)<\/td>\n<td>Translocated 2012<\/td>\n<\/tr>\n<tr>\n<td>Diving petrel<\/td>\n<td>Confirmed breeding 2012<\/td>\n<\/tr>\n<tr>\n<td>Fluttering shearwater<\/td>\n<td>Confirmed breeding 2014<\/td>\n<\/tr>\n<tr>\n<td>Takah\u0113<\/td>\n<td>Translocated 2014<\/td>\n<\/tr>\n<tr>\n<td>Duvaucel\u2019s Gecko<\/td>\n<td>Translocated 2017<\/td>\n<\/tr>\n<tr>\n<td>Giant kokopu<\/td>\n<td>Translocated 2017<\/td>\n<\/tr>\n<\/tbody>\n<\/table>\n<\/figure>\n<p>TOSSI members play a vital role in many aspects of species translocation. We assist in gaining funding for these programs, help catch birds at the source population, assist in releasing birds and manage or assist with on-going monitoring of the released birds.<\/p>\n<p>Further translocations of threatened species are being considered but will depend upon an assessment of the habitat available at T\u0101wharanui and whether Auckland Council and TOSSI have the resources to manage these programs. Translocation programs are expensive and time consuming and generous sponsors are critical to their success.<\/p><\/div>\n\t\t\t\t\t\t\t\t\t<div class=\"elementor-tab-title elementor-tab-mobile-title\" data-tab=\"4\" role=\"tab\">Species Monitoring<\/div>\n\t\t\t\t\t<div id=\"elementor-tab-content-2874\" class=\"elementor-tab-content elementor-clearfix\" data-tab=\"4\" role=\"tabpanel\" aria-labelledby=\"elementor-tab-title-2874\"><h5>T\u0101wharanui is a wonderful place to see birds.<\/h5>\n<p>Coastal cliffs, open beaches, rocky shores, wetlands, forests and open pasture are all used by birds for feeding or breeding habitat. Removal of mammalian predators and the gradual recovery and restoration of forests and wetlands means that more birds are now living at T\u0101wharanui.<\/p>\n<p>Over the past 30 years, over 90 species have been recorded in and around the park or just offshore. While some species, such as New Zealand dotterel and shining cuckoo, are present in certain seasons, many others can be seen year round.<\/p>\n<p>Monitoring bird populations within the Park is an important way of learning about the T\u0101wharanui landscape. TOSSI and the Auckland Council\u00a0 monitor all the bird species that are released into the park using radio tracking, direct observation, and nighttime calls (for kiwi). We can tell where the takahe are, whether the kiwi are producing chicks (they are!), whether p\u0101teke are staying in the park (mostly), and how many breeding pairs of robins there are in the Park each year.<\/p>\n<p>We also monitor shore birds such as New Zealand dotterel and variable oystercatcher to check on their breeding success from year to year. NZ dotterels are found on sandy beaches and estuaries and were once common in New Zealand but there are now only about 1,700 birds left. Much of this decline is due to habitat loss and predators such as cats, dogs and stoats, so their response to the creation of the open sanctuary is worth watching.<\/p>\n<p>\u201cBirds of T\u0101wharanui\u201d produced by TOSSI and printed by ARC provides a checklist of birds you may see in the park. Take this checklist out with you when you next go to T\u0101wharanui.\u00a0\u00a0<a href=\"http:\/\/www.tossi.org.nz\/assets\/pdf\/tossi_checklist_a5_oct_09.pdf\" target=\"_blank\" rel=\"noreferrer noopener\">Download list as pdf now &gt;&gt;<\/a><\/p><\/div>\n\t\t\t\t\t\t\t<\/div>\n\t\t<\/div>\n\t\t\t\t<\/div>\n\t\t\t\t<\/div>\n\t\t\t\t\t\t<\/div>\n\t\t\t\t\t<\/div>\n\t\t<\/div>\n\t\t\t\t\t\t\t\t<\/div>\n\t\t\t\t\t<\/div>\n\t\t<\/section>\n\t\t\t\t\t\t<\/div>\n\t\t\t\t\t\t<\/div>\n\t\t\t\t\t<\/div>\n\t\t<div class=\"sharedaddy sd-sharing-enabled\"><div class=\"robots-nocontent sd-block sd-social sd-social-icon sd-sharing\"><h3 class=\"sd-title\">Share this:<\/h3><div class=\"sd-content\"><ul><li><a href=\"#\" class=\"sharing-anchor sd-button share-more\"><span>Share<\/span><\/a><\/li><li class=\"share-end\"><\/li><\/ul><div class=\"sharing-hidden\"><div class=\"inner\" style=\"display: none;\"><ul><li class=\"share-facebook\"><a rel=\"nofollow noopener noreferrer\" data-shared=\"sharing-facebook-73\" class=\"share-facebook sd-button share-icon no-text\" href=\"https:\/\/test.tossi.org.nz\/?page_id=73&amp;share=facebook\" target=\"_blank\" title=\"Click to share on Facebook\"><span><\/span><span class=\"sharing-screen-reader-text\">Click to share on Facebook (Opens in new window)<\/span><\/a><\/li><li class=\"share-print\"><a rel=\"nofollow noopener noreferrer\" data-shared=\"\" class=\"share-print sd-button share-icon no-text\" href=\"https:\/\/test.tossi.org.nz\/?page_id=73\" target=\"_blank\" title=\"Click to print\"><span><\/span><span class=\"sharing-screen-reader-text\">Click to print (Opens in new window)<\/span><\/a><\/li><li class=\"share-end\"><\/li><li class=\"share-end\"><\/li><\/ul><\/div><\/div><\/div><\/div><\/div>","protected":false},"excerpt":{"rendered":"<p>TOSSI works in partnership with the Auckland Council to maximise the success of the T\u0101wharanui Open Sanctuary. Our major projects are: Revegetation and restoration of coastal forest and wetlands. TOSSI grows and plants up to 20,000 trees, shrubs and other plants each year to revegetate key areas of the Park. [&hellip;]<\/p>\n<div class=\"sharedaddy sd-sharing-enabled\"><div class=\"robots-nocontent sd-block sd-social sd-social-icon sd-sharing\"><h3 class=\"sd-title\">Share this:<\/h3><div class=\"sd-content\"><ul><li><a href=\"#\" class=\"sharing-anchor sd-button share-more\"><span>Share<\/span><\/a><\/li><li class=\"share-end\"><\/li><\/ul><div class=\"sharing-hidden\"><div class=\"inner\" style=\"display: none;\"><ul><li class=\"share-facebook\"><a rel=\"nofollow noopener noreferrer\" data-shared=\"sharing-facebook-73\" class=\"share-facebook sd-button share-icon no-text\" href=\"https:\/\/test.tossi.org.nz\/?page_id=73&amp;share=facebook\" target=\"_blank\" title=\"Click to share on Facebook\"><span><\/span><span class=\"sharing-screen-reader-text\">Click to share on Facebook (Opens in new window)<\/span><\/a><\/li><li class=\"share-print\"><a rel=\"nofollow noopener noreferrer\" data-shared=\"\" class=\"share-print sd-button share-icon no-text\" href=\"https:\/\/test.tossi.org.nz\/?page_id=73\" target=\"_blank\" title=\"Click to print\"><span><\/span><span class=\"sharing-screen-reader-text\">Click to print (Opens in new window)<\/span><\/a><\/li><li class=\"share-end\"><\/li><li class=\"share-end\"><\/li><\/ul><\/div><\/div><\/div><\/div><\/div>","protected":false},"author":1,"featured_media":0,"parent":0,"menu_order":0,"comment_status":"closed","ping_status":"closed","template":"elementor_canvas","meta":{"_EventAllDay":false,"_EventTimezone":"","_EventStartDate":"","_EventEndDate":"","_EventStartDateUTC":"","_EventEndDateUTC":"","_EventShowMap":false,"_EventShowMapLink":false,"_EventURL":"","_EventCost":"","_EventCostDescription":"","_EventCurrencySymbol":"","_EventCurrencyPosition":"","_EventDateTimeSeparator":"","_EventTimeRangeSeparator":"","_EventOrganizerID":[],"_EventVenueID":0,"_OrganizerEmail":"","_OrganizerPhone":"","_OrganizerWebsite":"","_VenueAddress":"","_VenueCity":"","_VenueCountry":"","_VenueProvince":"","_VenueZip":"","_VenuePhone":"","_VenueURL":"","_VenueStateProvince":"","_VenueLat":"","_VenueLng":"","spay_email":""},"jetpack_sharing_enabled":true,"jetpack_shortlink":"https:\/\/wp.me\/PbUGGk-1b","_links":{"self":[{"href":"https:\/\/test.tossi.org.nz\/index.php?rest_route=\/wp\/v2\/pages\/73"}],"collection":[{"href":"https:\/\/test.tossi.org.nz\/index.php?rest_route=\/wp\/v2\/pages"}],"about":[{"href":"https:\/\/test.tossi.org.nz\/index.php?rest_route=\/wp\/v2\/types\/page"}],"author":[{"embeddable":true,"href":"https:\/\/test.tossi.org.nz\/index.php?rest_route=\/wp\/v2\/users\/1"}],"replies":[{"embeddable":true,"href":"https:\/\/test.tossi.org.nz\/index.php?rest_route=%2Fwp%2Fv2%2Fcomments&post=73"}],"version-history":[{"count":5,"href":"https:\/\/test.tossi.org.nz\/index.php?rest_route=\/wp\/v2\/pages\/73\/revisions"}],"predecessor-version":[{"id":1029,"href":"https:\/\/test.tossi.org.nz\/index.php?rest_route=\/wp\/v2\/pages\/73\/revisions\/1029"}],"wp:attachment":[{"href":"https:\/\/test.tossi.org.nz\/index.php?rest_route=%2Fwp%2Fv2%2Fmedia&parent=73"}],"curies":[{"name":"wp","href":"https:\/\/api.w.org\/{rel}","templated":true}]}}